{"id":3,"date":"2020-03-19T11:38:35","date_gmt":"2020-03-19T10:38:35","guid":{"rendered":"https:\/\/riebelgmbh.de\/?page_id=3"},"modified":"2020-08-18T13:04:20","modified_gmt":"2020-08-18T11:04:20","slug":"datenschutzerklaerung","status":"publish","type":"page","link":"https:\/\/riebelgmbh.de\/?page_id=3","title":{"rendered":"Datenschutz"},"content":{"rendered":"\n<h2>DATENSCHUTZERKL\u00c4RUNG<\/h2>\n\n\n\n<p>Die Adresse unserer Website ist: <a rel=\"noreferrer noopener\" href=\"https:\/\/riebel-gmbh.de\" target=\"_blank\">https:\/\/riebelgmbh.de<\/a>.<br><\/p>\n\n\n\n<h4>ALLGEMEINE ERHEBUNG VON DATEN<\/h4>\n\n\n\n<p>Wenn Sie auf unsere Webseite zugreifen oder eine Datei abrufen, werden Daten \u00fcber diesen Vorgang in einer Protokolldatei auf unserem Webserver gespeichert. Im Einzelnen k\u00f6nnen folgende Daten gespeichert werden:<br>\u00b7 IP-Adresse (wenn m\u00f6glich, wird diese anonymisiert \u00fcbertragen oder gespeichert)<br>\u00b7 Domain-Name der Webseite, von der Sie kamen\u00b7 Namen der abgerufenen Dateien<br>\u00b7 Datum und Uhrzeit eines Abrufs<br>\u00b7 Name Ihres Internet Service Providers<br>\u00b7 sowie ggf. Betriebssystem und Browserversion Ihres Endger\u00e4ts IP-Adressen speichern wir, wenn \u00fcberhaupt, \u00fcber einen Zeitraum von wenigen Tagen. Die Speicherung erfolgt aus Datensicherheitsgr\u00fcnden, um die Stabilit\u00e4t und die Sicherheit unseres Systems zu gew\u00e4hrleisten. Die statistische Auswertung anonymisierter Datens\u00e4tze bleibt vorbehalten.<br><\/p>\n\n\n\n<h4>COOKIES<\/h4>\n\n\n\n<p>Unsere Internetseite verwendet Cookies. Ein Cookie ist eine Textdatei, die beim Besuch einer Internetseite erstellt und auf dem System des Nutzers der Website zwischengespeichert wird. Wird der Server unserer Webseite erneut vom Nutzer der Website aufgerufen, sendet der Browser des Nutzers der Website den zuvor empfangenen Cookie wieder zur\u00fcck an den Server. Der Server kann die durch dieses Verfahren erhaltenen Informationen auswerten. Durch Cookies k\u00f6nnen beispielsweise Werbeeinblendungen gesteuert oder das Navigieren auf einer Internetseite erleichtert werden. Cookies sind ferner erforderlich, um die Funktionsf\u00e4higkeit unseres Webseiten-Betriebs zu erm\u00f6glichen (als Rechtsgrundlage ist Art. 6 Abs. 1 lit f DSGVO genannt, die Wahrung der berechtigten Interessen des Betreibers dieser Webseite \u2013 wir verwenden Cookies nur in Vereinbarung mit Art. 5 Abs. 1 lit a DSGVO, also gem\u00e4\u00df der Prinzipien \u201eRechtm\u00e4\u00dfigkeit, Verarbeitung nach Treu und Glauben, Transparenz\u201c). Wenn Sie die Nutzung von Cookies unterbinden wollen, k\u00f6nnen Sie dies durch lokale Einstellungen in Ihrem Internetbrowser, (z.B. Internet Explorer, Mozilla Firefox, Opera oder Safari) tun.<br><\/p>\n\n\n\n<h4>AUSKUNFTSRECHT, RECHT AUF BERICHTIGUNG, SPERRUNG, L\u00d6SCHUNG<\/h4>\n\n\n\n<p>Auf schriftliche Anfrage informieren wir Sie \u00fcber die zu Ihrer Person durch uns gespeicherten Daten. Sie haben auch ein Recht auf Berichtigung, Sperrung oder L\u00f6schung dieser Daten. Die Anfrage ist an unsere im Impressum der Webseite angegebene Adresse zu richten.<br><\/p>\n\n\n\n<h4>WIDERRUFSRECHT<\/h4>\n\n\n\n<p>Sie haben jederzeit die M\u00f6glichkeit, der Erhebung, Verarbeitung und Nutzung Ihre Daten zu widersprechen und \/ oder Ihre Einwilligung zur Erhebung, Verarbeitung und Weitergabe Ihrer personenbezogenen Daten uns gegen\u00fcber mit Wirkung f\u00fcr die Zukunft zu widerrufen. Daten f\u00fcr Abrechnungs- und buchhalterische Zwecke sind hiervon nicht ber\u00fchrt. Wenden Sie sich hierzu bitte an unsere im Impressum der Webseite angegebene Adresse.<br><\/p>\n\n\n\n<h4>NEWSLETTER<\/h4>\n\n\n\n<p>Wir versenden Newsletter mit werblichen Informationen nur mit der Einwilligung der Empf\u00e4nger oder aufgrund einer gesetzlichen Erlaubnis. Die Anmeldung zu unserem Newsletter erfolgt \u00fcber ein Double-Opt-In-Verfahren: Sie erhalten nach der Anmeldung eine E-Mail, in der Sie Ihre Anmeldung best\u00e4tigen sollen. Diese Best\u00e4tigung ist notwendig, um Sie als Inhaber der E-Mail zu verifizieren. Die Anmeldung zum Newsletter wird protokolliert, um die Anmeldung gem\u00e4\u00df den rechtlichen Anforderungen nachweisen zu k\u00f6nnen. Dies umfasst die Speicherung der Zeitpunkte der Anmeldung und Best\u00e4tigung sowie Ihre IP-Adresse. Ebenso werden weitere Daten, die Sie bei der Newsletter-Anmeldung angegeben haben, abgespeichert. Ihre Informationen au\u00dfer der E-Mail-Adresse nutzen wir lediglich zur Personalisierung des Newsletters, dazu geh\u00f6rt beispielsweise Ihr Name. Sie k\u00f6nnen den Erhalt des Newsletters jederzeit k\u00fcndigen. Einen Link zur K\u00fcndigung des Newsletters finden Sie in jeder Newsletter-Mail.<br><\/p>\n\n\n\n<h4>KONTAKTFORMULARE<\/h4>\n\n\n\n<p>Wenn Sie uns per Kontaktformular Anfragen zukommen lassen, werden Ihre Angaben aus dem Anfrageformular inklusive der von Ihnen dort angegebenen Kontaktdaten zwecks Bearbeitung der Anfrage und f\u00fcr den Fall von Anschlussfragen bei uns gespeichert und verarbeitet. Sie k\u00f6nnen dem jederzeit widersprechen (Widerrufsrecht). Ihre Daten geben wir nicht ohne Ihre Einwilligung weiter.<br><\/p>\n\n\n\n<h4>RECHT AUF BESCHWERDE BEI EINER AUFSICHTSBEH\u00d6RDE<\/h4>\n\n\n\n<p>Jede betroffene Person hat unbeschadet eines anderweitigen verwaltungsrechtlichen oder gerichtlichen Rechtsbehelfs das Recht auf Beschwerde bei einer Aufsichtsbeh\u00f6rde, insbesondere in dem Mitgliedstaat ihres Aufenthaltsorts, ihres Arbeitsplatzes oder des Orts des mutma\u00dflichen Versto\u00dfes, wenn die betroffene Person der Ansicht ist, dass die Verarbeitung der sie betreffenden personenbezogenen Daten gegen die Datenschutzgrundverordnung der EU (DS-GVO) verst\u00f6\u00dft.<br><\/p>\n\n\n\n<h4>RECHT AUF DATEN\u00dcBERTRAGBARKEIT<\/h4>\n\n\n\n<p>Sie haben das Recht die Sie betreffenden personenbezogenen Daten, die Sie uns bereitgestellt haben, in einem strukturierten, g\u00e4ngigen und maschinenlesbaren Format zu erhalten.<br><\/p>\n\n\n\n<h4>VERTRAULICHKEIT IHRES KUNDENZUGANGS<\/h4>\n\n\n\n<p>Wenn Sie Zugang zu einem gesch\u00fctzten Bereich auf unserer Webseite erhalten haben, der durch ein Passwort gesichert ist, sind Sie daf\u00fcr verantwortlich, dieses Passwort vertraulich zu behandeln. Wir bitten Sie, das Passwort niemandem mitzuteilen.<br><\/p>\n\n\n\n<h4>LINKS ZU ANDEREN WEBSEITEN<\/h4>\n\n\n\n<p>Unsere Website \/ App kann von Zeit zu Zeit Links zu Websites Dritter oder zu anderen Websites von uns selbst enthalten. Wenn Sie einem Link zu einer dieser Websites folgen, weisen wir Sie darauf hin, dass diese Websites ihre eigenen Datenschutzrichtlinien haben und dass wir f\u00fcr diese Richtlinien keine Verantwortung oder Haftung \u00fcbernehmen. Bitte \u00fcberpr\u00fcfen Sie diese Datenschutzrichtlinien, bevor Sie personenbezogenen Daten an diese Websites weitergeben.<br><\/p>\n\n\n\n<h4>KOMMENTARFUNKTION<\/h4>\n\n\n\n<p>Auf einzelnen Seiten oder Beitr\u00e4gen gibt es eine freiwillige Kommentarfunktion f\u00fcr Nutzer, die ihre Meinung zur jeweiligen Seite oder zum einem Beitrag mitteilen m\u00f6chten. Der Kommentar wird nach positiver Pr\u00fcfung freigegeben und erscheint \u00f6ffentlich auf der Seite, wo der Kommentar abgeschickt wurde. Einen Anspruch auf Freigabe eines Kommentars gibt es nicht. Der Kommentierende muss einen Namen angeben, dies darf ein Pseudonym sein. Ebenso muss der Kommentierende eine Email-Adresse angeben. Dies dient dazu, ihn bzgl. des Status seines Kommentars zu informieren insbesondere auch, wenn er im Kommentar eine Frage gestellt hat und auf Antwort wartet. Die Email Adresse wird nicht \u00f6ffentlich angezeigt und nicht an Dritte weitergegeben und nicht manuell ausgewertet. Die IP-Adresse des Kommentierenden wird nur in anonymisierter Form gespeichert.<br><\/p>\n\n\n\n<h4>GOOGLE MAPS<\/h4>\n\n\n\n<p>Diese Internetpr\u00e4senz verwendet die Kartensoftware Google Maps von Google Inc., 1600 Amphitheatre Parkway, Mountain View, CA 94043, USA. Durch die Nutzung dieser Webseite erkl\u00e4ren Sie sich mit der Erfassung, Bearbeitung und Nutzung der m\u00f6glicherweise automatisiert erhobenen Daten durch Google und dessen Vertretern einverstanden.&nbsp;Nutzungsbedingungen von Google Maps. Datenschutzbestimmungen von Google.<br><\/p>\n\n\n\n<h4>DATENSCHUTZBESTIMMUNGEN ZU EINSATZ UND VERWENDUNG VON GOOGLE-ADWORDS<\/h4>\n\n\n\n<p>Der f\u00fcr die Verarbeitung Verantwortliche hat auf dieser Internetseite Google AdWords integriert. Google AdWords ist ein Dienst zur Internetwerbung, der es Werbetreibenden gestattet, sowohl Anzeigen in den Suchmaschinenergebnissen von Google als auch im Google-Werbenetzwerk zu schalten. Google AdWords erm\u00f6glicht es einem Werbetreibenden, vorab bestimmte Schl\u00fcsselw\u00f6rter festzulegen, mittels derer eine Anzeige in den Suchmaschinenergebnissen von Google ausschlie\u00dflich dann angezeigt wird, wenn der Nutzer mit der Suchmaschine ein schl\u00fcsselwortrelevantes Suchergebnis abruft. Im Google-Werbenetzwerk werden die Anzeigen mittels eines automatischen Algorithmus und unter Beachtung der zuvor festgelegten Schl\u00fcsselw\u00f6rter auf themenrelevanten Internetseiten verteilt. Betreibergesellschaft der Dienste von Google AdWords ist die Google Inc., 1600 Amphitheatre Pkwy, Mountain View, CA 94043-1351, USA. Der Zweck von Google AdWords ist die Bewerbung unserer Internetseite durch die Einblendung von interessenrelevanter Werbung auf den Internetseiten von Drittunternehmen und in den Suchmaschinenergebnissen der Suchmaschine Google und eine Einblendung von Fremdwerbung auf unserer Internetseite. Gelangt eine betroffene Person \u00fcber eine Google-Anzeige auf unsere Internetseite, wird auf dem informationstechnologischen System der betroffenen Person durch Google ein sogenannter Conversion-Cookie abgelegt. Was Cookies sind, wurde oben bereits erl\u00e4utert. Ein Conversion-Cookie verliert nach drei\u00dfig Tagen seine G\u00fcltigkeit und dient nicht zur Identifikation der betroffenen Person. \u00dcber den Conversion-Cookie wird, sofern das Cookie noch nicht abgelaufen ist, nachvollzogen, ob bestimmte Unterseiten, beispielsweise der Warenkorb von einem Online-Shop-System, auf unserer Internetseite aufgerufen wurden. Durch den Conversion-Cookie k\u00f6nnen sowohl wir als auch Google nachvollziehen, ob eine betroffene Person, die \u00fcber eine AdWords-Anzeige auf unsere Internetseite gelangt ist, einen Umsatz generierte, also einen Warenkauf vollzogen oder abgebrochen hat. Die durch die Nutzung des Conversion-Cookies erhobenen Daten und Informationen werden von Google verwendet, um Besuchsstatistiken f\u00fcr unsere Internetseite zu erstellen. Diese Besuchsstatistiken werden durch uns wiederum genutzt, um die Gesamtanzahl der Nutzer zu ermitteln, welche \u00fcber AdWords-Anzeigen an uns vermittelt wurden, also um den Erfolg oder Misserfolg der jeweiligen AdWords-Anzeige zu ermitteln und um unsere AdWords-Anzeigen f\u00fcr die Zukunft zu optimieren. Weder unser Unternehmen noch andere Werbekunden von Google-AdWords erhalten Informationen von Google, mittels derer die betroffene Person identifiziert werden k\u00f6nnte. Mittels des Conversion-Cookies werden personenbezogene Informationen, beispielsweise die durch die betroffene Person besuchten Internetseiten, gespeichert. Bei jedem Besuch unserer Internetseiten werden demnach personenbezogene Daten, einschlie\u00dflich der IP-Adresse des von der betroffenen Person genutzten Internetanschlusses, an Google in den Vereinigten Staaten von Amerika \u00fcbertragen. Diese personenbezogenen Daten werden durch Google in den Vereinigten Staaten von Amerika gespeichert. Google gibt diese \u00fcber das technische Verfahren erhobenen personenbezogenen Daten unter Umst\u00e4nden an Dritte weiter. Die betroffene Person kann die Setzung von Cookies durch unsere Internetseite, wie oben bereits dargestellt, jederzeit mittels einer entsprechenden Einstellung des genutzten Internetbrowsers verhindern und damit der Setzung von Cookies dauerhaft widersprechen. Eine solche Einstellung des genutzten Internetbrowsers w\u00fcrde auch verhindern, dass Google einen Conversion-Cookie auf dem informationstechnologischen System der betroffenen Person setzt. Zudem kann ein von Google AdWords bereits gesetzter Cookie jederzeit \u00fcber den Internetbrowser oder andere Softwareprogramme gel\u00f6scht werden. Ferner besteht f\u00fcr die betroffene Person die M\u00f6glichkeit, der interessenbezogenen Werbung durch Google zu widersprechen. Hierzu muss die betroffene Person von jedem der von ihr genutzten Internetbrowser aus den Link&nbsp;<a rel=\"noreferrer noopener\" href=\"https:\/\/google.de\/intl\/de\/policies\/privacy\" target=\"_blank\">google.de\/settings\/ad<\/a>&nbsp;aufrufen und dort die gew\u00fcnschten Einstellungen vornehmen. Weitere Informationen und die geltenden Datenschutzbestimmungen von Google k\u00f6nnen unter <a rel=\"noreferrer noopener\" href=\"https:\/\/www.google.de\/intl\/de\/policies\/privacy\" target=\"_blank\">google.de\/intl\/de\/policies\/privacy<\/a>&nbsp;  abgerufen werden.<br><\/p>\n\n\n\n<h4>DATENSCHUTZBESTIMMUNGEN ZU EINSATZ UND VERWENDUNG VON GOOGLE ANALYTICS (MIT ANONYMISIERUNGSFUNKTION)<\/h4>\n\n\n\n<p>Der f\u00fcr die Verarbeitung Verantwortliche hat auf dieser Internetseite die Komponente Google Analytics (mit Anonymisierungsfunktion) integriert. Google Analytics ist ein Web-Analyse-Dienst. Web-Analyse ist die Erhebung, Sammlung und Auswertung von Daten \u00fcber das Verhalten von Besuchern von Internetseiten. Ein Web-Analyse-Dienst erfasst unter anderem Daten dar\u00fcber, von welcher Internetseite eine betroffene Person auf eine Internetseite gekommen ist (sogenannte Referrer), auf welche Unterseiten der Internetseite zugegriffen oder wie oft und f\u00fcr welche Verweildauer eine Unterseite betrachtet wurde. Eine Web-Analyse wird \u00fcberwiegend zur Optimierung einer Internetseite und zur Kosten-Nutzen-Analyse von Internetwerbung eingesetzt. Betreibergesellschaft der Google-Analytics-Komponente ist die Google Inc., 1600 Amphitheatre Pkwy, Mountain View, CA 94043-1351, USA. Der f\u00fcr die Verarbeitung Verantwortliche verwendet f\u00fcr die Web-Analyse \u00fcber Google Analytics den Zusatz \u201c_gat._anonymizeIp\u201d. Mittels dieses Zusatzes wird die IP-Adresse des Internetanschlusses der betroffenen Person von Google gek\u00fcrzt und anonymisiert, wenn der Zugriff auf unsere Internetseiten aus einem Mitgliedstaat der Europ\u00e4ischen Union oder aus einem anderen Vertragsstaat des Abkommens \u00fcber den Europ\u00e4ischen Wirtschaftsraum erfolgt. Der Zweck der Google-Analytics-Komponente ist die Analyse der Besucherstr\u00f6me auf unserer Internetseite. Google nutzt die gewonnenen Daten und Informationen unter anderem dazu, die Nutzung unserer Internetseite auszuwerten, um f\u00fcr uns Online-Reports, welche die Aktivit\u00e4ten auf unseren Internetseiten aufzeigen, zusammenzustellen, und um weitere mit der Nutzung unserer Internetseite in Verbindung stehende Dienstleistungen zu erbringen. Google Analytics setzt ein Cookie auf dem informationstechnologischen System der betroffenen Person. Was Cookies sind, wurde oben bereits erl\u00e4utert. Mit Setzung des Cookies wird Google eine Analyse der Benutzung unserer Internetseite erm\u00f6glicht. Durch jeden Aufruf einer der Einzelseiten dieser Internetseite, die durch den f\u00fcr die Verarbeitung Verantwortlichen betrieben wird und auf welcher eine Google-Analytics-Komponente integriert wurde, wird der Internetbrowser auf dem informationstechnologischen System der betroffenen Person automatisch durch die jeweilige Google-Analytics-Komponente veranlasst, Daten zum Zwecke der Online-Analyse an Google zu \u00fcbermitteln. Im Rahmen dieses technischen Verfahrens erh\u00e4lt Google Kenntnis \u00fcber personenbezogene Daten, wie der IP-Adresse der betroffenen Person, die Google unter anderem dazu dienen, die Herkunft der Besucher und Klicks nachzuvollziehen und in der Folge Provisionsabrechnungen zu erm\u00f6glichen. Mittels des Cookies werden personenbezogene Informationen, beispielsweise die Zugriffszeit, der Ort, von welchem ein Zugriff ausging und die H\u00e4ufigkeit der Besuche unserer Internetseite durch die betroffene Person, gespeichert. Bei jedem Besuch unserer Internetseiten werden diese personenbezogenen Daten, einschlie\u00dflich der IP-Adresse des von der betroffenen Person genutzten Internetanschlusses, an Google in den Vereinigten Staaten von Amerika \u00fcbertragen. Diese personenbezogenen Daten werden durch Google in den Vereinigten Staaten von Amerika gespeichert. Google gibt diese \u00fcber das technische Verfahren erhobenen personenbezogenen Daten unter Umst\u00e4nden an Dritte weiter. Die betroffene Person kann die Setzung von Cookies durch unsere Internetseite, wie oben bereits dargestellt, jederzeit mittels einer entsprechenden Einstellung des genutzten Internetbrowsers verhindern und damit der Setzung von Cookies dauerhaft widersprechen. Eine solche Einstellung des genutzten Internetbrowsers w\u00fcrde auch verhindern, dass Google ein Cookie auf dem informationstechnologischen System der betroffenen Person setzt. Zudem kann ein von Google Analytics bereits gesetzter Cookie jederzeit \u00fcber den Internetbrowser oder andere Softwareprogramme gel\u00f6scht werden. Ferner besteht f\u00fcr die betroffene Person die M\u00f6glichkeit, einer Erfassung der durch Google Analytics erzeugten, auf eine Nutzung dieser Internetseite bezogenen Daten sowie der Verarbeitung dieser Daten durch Google zu widersprechen und eine solche zu verhindern. Hierzu muss die betroffene Person ein Browser-Add-On unter dem Link&nbsp;<a class=\"\" href=\"https:\/\/tools.google.com\/dlpage\/gaoptout\">tools.google.com\/dlpage\/gaoptou<\/a>&nbsp;herunterladen und installieren. Dieses Browser-Add-On teilt Google Analytics \u00fcber JavaScript mit, dass keine Daten und Informationen zu den Besuchen von Internetseiten an Google Analytics \u00fcbermittelt werden d\u00fcrfen. Die Installation des Browser-Add-Ons wird von Google als Widerspruch gewertet. Wird das informationstechnologische System der betroffenen Person zu einem sp\u00e4teren Zeitpunkt gel\u00f6scht, formatiert oder neu installiert, muss durch die betroffene Person eine erneute Installation des Browser-Add-Ons erfolgen, um Google Analytics zu deaktivieren. Sofern das Browser-Add-On durch die betroffene Person oder einer anderen Person, die ihrem Machtbereich zuzurechnen ist, deinstalliert oder deaktiviert wird, besteht die M\u00f6glichkeit der Neuinstallation oder der erneuten Aktivierung des Browser-Add-Ons. Weitere Informationen und die geltenden Datenschutzbestimmungen von Google k\u00f6nnen unter&nbsp;<a rel=\"noreferrer noopener\" href=\"https:\/\/www.google.de\/intl\/de\/policies\/privacy\" target=\"_blank\">google.de\/intl\/de\/policies\/privacy<\/a>&nbsp;und unter&nbsp;<a rel=\"noreferrer noopener\" href=\"https:\/\/www.google.com\/analytics\/terms\/de.html\" target=\"_blank\">google.com\/analytics\/terms\/de<\/a> abgerufen werden. Google Analytics wird unter diesem Link<a rel=\"noreferrer noopener\" href=\"https:\/\/www.google.com\/intl\/de_de\/analytics\" target=\"_blank\"> google.com\/intl\/de_de\/analytics<\/a>&nbsp;genauer erl\u00e4utert.<br><\/p>\n\n\n\n<h4>YOUTUBE-VIDEOS<\/h4>\n\n\n\n<p>Wir haben YouTube-Videos auf unserer Webseite eingebunden, die auf den Servern des Anbieters YouTube gespeichert werden und von unserer Webseite \u00fcber eine Einbettung abspielbar sind. Die Einbettung der Videos erfolgt mit aktivierter Option f\u00fcr erweiterte Datenschutzeinstellungen. Wenn Sie diese Videos abspielen, werden auf Ihrem Computer YouTube-Cookies und DoubleClick-Cookies gespeichert und m\u00f6glicherweise Daten an Google Inc., Amphitheater Parkway, Mountain View, CA 94043, USA, als YouTube-Betreiber \u00fcbertragen. Beim Abspielen von bei YouTube gespeicherten Videos werden nach aktuellem Stand mindestens folgende Daten an Google Inc. als YouTube-Betreiber und Betreiber des DoubleClick-Netzwerks \u00fcbertragen: IP-Adresse und Cookie, die spezifische Adresse der bei uns aufgerufenen Seite, Systemdatum und Zeit des Aufrufs, Kennung Ihres Browsers. Die \u00dcbertragung dieser Daten erfolgt unabh\u00e4ngig davon, ob Sie ein Google Nutzerkonto haben, \u00fcber das Sie eingeloggt sind, oder ob Sie kein Nutzer-Konto besitzen. Wenn Sie derart angemeldet sind, werden diese Daten m\u00f6glicherweise von Google direkt Ihrem Konto zugeordnet. Wenn Sie die Zuordnung zu Ihrem Profil nicht w\u00fcnschen, m\u00fcssen Sie sich vor Aktivierung des Abspiel-Buttons f\u00fcr das Video ausloggen. YouTube bzw. Google Inc. speichern diese Daten als Nutzungsprofile und nutzt diese ggf. f\u00fcr Zwecke der Werbung, Marktforschung und\/oder bedarfsgerechten Gestaltung ihrer Webseiten. Eine solche Auswertung erfolgt insbesondere (auch f\u00fcr nicht angemeldete Nutzer) zur Erbringung von bedarfsgerechter Werbung und um andere Nutzer \u00fcber Ihre Aktivit\u00e4ten auf unserer Webseite zu informieren. Ihnen steht ein Widerspruchsrecht zu gegen die Bildung dieser Nutzerprofile, wobei Sie sich zur Aus\u00fcbung dessen an Google als Betreiber von YouTube richten m\u00fcssen. Weitere Informationen zum Zweck &amp; Umfang der Datenerhebung und ihrer Verarbeitung durch Google erhalten Sie&nbsp;auf dieser Informationsseite.<br><\/p>\n\n\n\n<h4>GOOGLE SCHRIFTARTEN<\/h4>\n\n\n\n<p>Diese Seite nutzt zur Darstellung bestimmte Schriftarten von Google. Beim Aufruf einer Seite l\u00e4dt Ihr Browser diese Schriftarten. Dabei wird Ihre IP-Adresse samt der Seite (Internetadresse), die Sie besucht haben, an einen Server der Firma Google \u00fcbertragen. Weitere Informationen zu diesen Google Schriftarten finden Sie unter &nbsp;<a rel=\"noreferrer noopener\" href=\"https:\/\/developers.google.com\/fonts\/faq\" target=\"_blank\">developers.google.com\/fonts\/faq<\/a>&nbsp;und in der Datenschutzerkl\u00e4rung von Google unter&nbsp;<a rel=\"noreferrer noopener\" href=\"https:\/\/www.google.de\/intl\/de\/policies\/privacy\" target=\"_blank\">google.de\/intl\/de\/policies\/privacy<\/a><br><\/p>\n\n\n\n<h4>SICHERHEITSHINWEIS<\/h4>\n\n\n\n<p>Wir sichern unsere Webseite und sonstige IT-Systeme durch geeignete technische und organisatorische Ma\u00dfnahmen gegen Verlust, Zerst\u00f6rung, unberechtigten Zugriff, unberechtigte Ver\u00e4nderung oder unberechtigte Verbreitung Ihrer Daten ab. Ein vollst\u00e4ndiger Schutz gegen alle Gefahren ist praktisch trotz aller Sorgfalt jedoch nicht in jedem Fall m\u00f6glich. Weil bei der Kommunikation per E-Mail die vollst\u00e4ndige Datensicherheit von uns nicht gew\u00e4hrleistet werden kann, empfehlen wir zur \u00dcbermittlung von vertraulichen Informationen den Postweg.<br><\/p>\n\n\n\n<h4>\u00c4NDERUNGEN DIESER DATENSCHUTZERKL\u00c4RUNG<\/h4>\n\n\n\n<p>Wir behalten uns vor, diese Datenschutzerkl\u00e4rung zu \u00e4ndern, wenn sich die Rechtslage oder dieses Online-Angebot oder die Art der Datenerfassung \u00e4ndert. Dies gilt jedoch nur bez\u00fcglich Erkl\u00e4rungen zur Datenverarbeitung. Sofern eine Einwilligung des Nutzers notwendig ist oder Bestandteile der Datenschutzerkl\u00e4rung eine Regelung des Vertragsverh\u00e4ltnisses mit Nutzern enthalten, erfolgt die \u00c4nderung der Datenschutzerkl\u00e4rung nur nach Zustimmung des Nutzers. Bitte informieren Sie sich daher bei Bedarf \u00fcber diese Datenschutzerkl\u00e4rung, insbesondere, wenn Sie personenbezogene Daten mitteilen.<br><\/p>\n","protected":false},"excerpt":{"rendered":"<p>DATENSCHUTZERKL\u00c4RUNG Die Adresse unserer Website ist: https:\/\/riebelgmbh.de. ALLGEMEINE ERHEBUNG VON DATEN Wenn Sie auf unsere Webseite zugreifen oder eine Datei abrufen, werden Daten \u00fcber diesen Vorgang in einer Protokolldatei auf &#8230;<\/p>\n","protected":false},"author":1,"featured_media":0,"parent":0,"menu_order":0,"comment_status":"closed","ping_status":"closed","template":"","meta":[],"_links":{"self":[{"href":"https:\/\/riebelgmbh.de\/index.php?rest_route=\/wp\/v2\/pages\/3"}],"collection":[{"href":"https:\/\/riebelgmbh.de\/index.php?rest_route=\/wp\/v2\/pages"}],"about":[{"href":"https:\/\/riebelgmbh.de\/index.php?rest_route=\/wp\/v2\/types\/page"}],"author":[{"embeddable":true,"href":"https:\/\/riebelgmbh.de\/index.php?rest_route=\/wp\/v2\/users\/1"}],"replies":[{"embeddable":true,"href":"https:\/\/riebelgmbh.de\/index.php?rest_route=%2Fwp%2Fv2%2Fcomments&post=3"}],"version-history":[{"count":12,"href":"https:\/\/riebelgmbh.de\/index.php?rest_route=\/wp\/v2\/pages\/3\/revisions"}],"predecessor-version":[{"id":1769,"href":"https:\/\/riebelgmbh.de\/index.php?rest_route=\/wp\/v2\/pages\/3\/revisions\/1769"}],"wp:attachment":[{"href":"https:\/\/riebelgmbh.de\/index.php?rest_route=%2Fwp%2Fv2%2Fmedia&parent=3"}],"curies":[{"name":"wp","href":"https:\/\/api.w.org\/{rel}","templated":true}]}}